{"id":749,"date":"2023-03-09T15:50:59","date_gmt":"2023-03-09T15:50:59","guid":{"rendered":"https:\/\/cercidiana.pt\/beta\/?page_id=749"},"modified":"2023-03-09T18:35:03","modified_gmt":"2023-03-09T18:35:03","slug":"lar-residencial","status":"publish","type":"page","link":"https:\/\/cercidiana.pt\/?page_id=749","title":{"rendered":"Lar Residencial"},"content":{"rendered":"\n<h3>Objetivos:<\/h3>\n\n\n\n<p>Proporcionar um ambiente afetivo acolhedor, aproximando-se de um ambiente familiar normal.<\/p>\n\n\n\n<p>Envolver os clientes na gest\u00e3o corrente do seu espa\u00e7o de vida.<\/p>\n\n\n\n<p>Promover a participa\u00e7\u00e3o dos clientes nas atividades de vida di\u00e1ria do Lar Residencial, dentro das capacidades de cada um: arruma\u00e7\u00e3o; limpeza, cozinha.<\/p>\n\n\n\n<p>Criar condi\u00e7\u00f5es que permitam o desenvolvimento da pessoa com defici\u00eancia aos n\u00edveis emocional, cognitivo e social, maximizando a sua autonomia e procurando o seu bem-estar.<\/p>\n\n\n\n<p>Contribuir para a integra\u00e7\u00e3o do jovem\/adulto com defici\u00eancia na vida da comunidade<\/p>\n\n\n\n<p>Proporcionar o interesse dos familiares ou outras pessoas de refer\u00eancia em todo o processo de apoio psico-afetivo do residente.<\/p>\n\n\n\n<h3>Equipa T\u00e9cnica:<\/h3>\n\n\n\n<p>Diretora T\u00e9cnica<br>Psic\u00f3logo<br>Auxiliares<\/p>\n\n\n\n<h3>Atividades:<\/h3>\n\n\n\n<p>Na concretiza\u00e7\u00e3o dos seus objetivos, o Lar Residencial, considerando as potencialidades dos seus clientes presta os seguintes servi\u00e7os:<\/p>\n\n\n\n<ul>\n<li>Cuidados de higiene e Imagem<\/li>\n\n\n\n<li>Cuidados de Sa\u00fade e Administra\u00e7\u00e3o Terap\u00eautica<\/li>\n\n\n\n<li>Apoio Social<\/li>\n\n\n\n<li>Apoio na aquisi\u00e7\u00e3o de bens e servi\u00e7os<\/li>\n\n\n\n<li>Atividades L\u00fadico-recreativas\/Culturais e Desportivas<\/li>\n\n\n\n<li>Atividades Quotidianas<\/li>\n\n\n\n<li>Acompanhamento ao Exteriror<\/li>\n\n\n\n<li>Transporte<\/li>\n<\/ul>\n","protected":false},"excerpt":{"rendered":"<p>Objetivos: Proporcionar um ambiente afetivo acolhedor, aproximando-se de um ambiente familiar normal. Envolver os clientes na gest\u00e3o corrente do seu espa\u00e7o de vida. Promover a participa\u00e7\u00e3o dos clientes nas atividades de vida di\u00e1ria do Lar Residencial, dentro das capacidades de cada um: arruma\u00e7\u00e3o; limpeza, cozinha. Criar condi\u00e7\u00f5es que permitam o desenvolvimento da pessoa com defici\u00eancia&hellip;&nbsp;<a href=\"https:\/\/cercidiana.pt\/?page_id=749\" class=\"\" rel=\"bookmark\">Ler mais &raquo;<span class=\"screen-reader-text\">Lar Residencial<\/span><\/a><\/p>\n","protected":false},"author":1,"featured_media":0,"parent":0,"menu_order":0,"comment_status":"closed","ping_status":"closed","template":"","meta":{"neve_meta_sidebar":"","neve_meta_container":"","neve_meta_enable_content_width":"","neve_meta_content_width":0,"neve_meta_title_alignment":"","neve_meta_author_avatar":"","neve_post_elements_order":"","neve_meta_disable_header":"","neve_meta_disable_footer":"","neve_meta_disable_title":"","_themeisle_gutenberg_block_has_review":false},"_links":{"self":[{"href":"https:\/\/cercidiana.pt\/index.php?rest_route=\/wp\/v2\/pages\/749"}],"collection":[{"href":"https:\/\/cercidiana.pt\/index.php?rest_route=\/wp\/v2\/pages"}],"about":[{"href":"https:\/\/cercidiana.pt\/index.php?rest_route=\/wp\/v2\/types\/page"}],"author":[{"embeddable":true,"href":"https:\/\/cercidiana.pt\/index.php?rest_route=\/wp\/v2\/users\/1"}],"replies":[{"embeddable":true,"href":"https:\/\/cercidiana.pt\/index.php?rest_route=%2Fwp%2Fv2%2Fcomments&post=749"}],"version-history":[{"count":2,"href":"https:\/\/cercidiana.pt\/index.php?rest_route=\/wp\/v2\/pages\/749\/revisions"}],"predecessor-version":[{"id":769,"href":"https:\/\/cercidiana.pt\/index.php?rest_route=\/wp\/v2\/pages\/749\/revisions\/769"}],"wp:attachment":[{"href":"https:\/\/cercidiana.pt\/index.php?rest_route=%2Fwp%2Fv2%2Fmedia&parent=749"}],"curies":[{"name":"wp","href":"https:\/\/api.w.org\/{rel}","templated":true}]}}