{"id":5,"date":"2023-03-08T01:09:31","date_gmt":"2023-03-08T01:09:31","guid":{"rendered":"https:\/\/demosites.io\/web-agency-gb\/?page_id=5"},"modified":"2023-10-16T18:02:40","modified_gmt":"2023-10-16T18:02:40","slug":"home","status":"publish","type":"page","link":"https:\/\/cercidiana.pt\/","title":{"rendered":"Home"},"content":{"rendered":"\n<div class=\"wp-block-cover alignfull is-light\" style=\"min-height:500px\"><span aria-hidden=\"true\" class=\"wp-block-cover__background has-background-dim-0 has-background-dim\"><\/span><img decoding=\"async\" loading=\"lazy\" width=\"2560\" height=\"1600\" class=\"wp-block-cover__image-background wp-image-827\" alt=\"\" src=\"https:\/\/cercidiana.pt\/wp-content\/uploads\/2023\/03\/cerci_paper_airplane.webp\" style=\"object-position:0% 0%\" data-object-fit=\"cover\" data-object-position=\"0% 0%\" srcset=\"https:\/\/cercidiana.pt\/wp-content\/uploads\/2023\/03\/cerci_paper_airplane.webp 2560w, https:\/\/cercidiana.pt\/wp-content\/uploads\/2023\/03\/cerci_paper_airplane-300x188.webp 300w, https:\/\/cercidiana.pt\/wp-content\/uploads\/2023\/03\/cerci_paper_airplane-1024x640.webp 1024w, https:\/\/cercidiana.pt\/wp-content\/uploads\/2023\/03\/cerci_paper_airplane-768x480.webp 768w, https:\/\/cercidiana.pt\/wp-content\/uploads\/2023\/03\/cerci_paper_airplane-1536x960.webp 1536w, https:\/\/cercidiana.pt\/wp-content\/uploads\/2023\/03\/cerci_paper_airplane-2048x1280.webp 2048w\" sizes=\"(max-width: 2560px) 100vw, 2560px\" \/><div class=\"wp-block-cover__inner-container\">\n<h1 class=\"has-text-align-center has-text-color\" style=\"color:#121212\">Porque sonhamos realidades olhamos de igual a diferen\u00e7a<\/h1>\n\n\n\n<p class=\"has-text-align-center has-text-color\" style=\"color:#121212;font-size:17px\">Cooperativa para a Educa\u00e7\u00e3o, Reabilita\u00e7\u00e3o e Inser\u00e7\u00e3o de Cidad\u00e3os Inadaptados de \u00c9vora, C.R.L.<\/p>\n\n\n\n<div class=\"is-horizontal is-content-justification-center is-layout-flex wp-container-1 wp-block-buttons\">\n<div class=\"wp-block-button is-style-primary\"><a class=\"wp-block-button__link wp-element-button\" href=\"https:\/\/cercidiana.pt\/?page_id=69\">QUALIDADE<\/a><\/div>\n\n\n\n<div class=\"wp-block-button is-style-secondary\"><a class=\"wp-block-button__link wp-element-button\" href=\"https:\/\/cercidiana.pt\/?page_id=71\">RESPOSTAS SOCIAIS<\/a><\/div>\n<\/div>\n<\/div><\/div>\n\n\n\n<div class=\"wp-block-cover alignfull\" style=\"min-height:600px\"><span aria-hidden=\"true\" class=\"wp-block-cover__background has-nv-site-bg-background-color has-background-dim-100 has-background-dim\"><\/span><div class=\"wp-block-cover__inner-container\">\n<div class=\"is-layout-flow wp-block-group\"><div class=\"wp-block-group__inner-container\">\n<div style=\"height:80px\" aria-hidden=\"true\" class=\"wp-block-spacer\"><\/div>\n\n\n\n<div class=\"is-layout-flex wp-container-5 wp-block-columns are-vertically-aligned-center\">\n<div class=\"is-layout-flow wp-block-column is-vertically-aligned-center\" style=\"flex-basis:50%\">\n<figure class=\"wp-block-image size-full is-resized\"><img decoding=\"async\" loading=\"lazy\" src=\"https:\/\/cercidiana.pt\/wp-content\/uploads\/2023\/03\/CAO.webp\" alt=\"\" class=\"wp-image-838\" width=\"480\" height=\"480\" srcset=\"https:\/\/cercidiana.pt\/wp-content\/uploads\/2023\/03\/CAO.webp 960w, https:\/\/cercidiana.pt\/wp-content\/uploads\/2023\/03\/CAO-300x300.webp 300w, https:\/\/cercidiana.pt\/wp-content\/uploads\/2023\/03\/CAO-150x150.webp 150w, https:\/\/cercidiana.pt\/wp-content\/uploads\/2023\/03\/CAO-768x768.webp 768w\" sizes=\"(max-width: 480px) 100vw, 480px\" \/><\/figure>\n<\/div>\n\n\n\n<div class=\"is-layout-flow wp-block-column is-vertically-aligned-center\" style=\"flex-basis:50%\">\n<div style=\"height:20px\" aria-hidden=\"true\" class=\"wp-block-spacer\"><\/div>\n\n\n\n<h2 class=\"has-text-align-left has-neve-text-color-color has-text-color\">CACI<\/h2>\n\n\n\n<p class=\"has-text-align-left has-neve-text-color-color has-text-color\" style=\"font-size:17px\">O Centro de Atividades e Capacita\u00e7\u00e3o para a Inclus\u00e3o (CACI) na CERCIDIANA \u00e9 uma resposta social que tem como objectivo fundamental proporcionar condi\u00e7\u00f5es para um aumento da qualidade de vida de pessoas com Paralisia Cerebral ou Situa\u00e7\u00f5es Neurol\u00f3gicas afins com mais de 16 anos. Pretende-se que os clientes desta resposta social desenvolvam \u00e0 sua criatividade e se tornem mais activos, n\u00e3o existindo, no entanto qualquer exig\u00eancia em termos de produtividade. O produto final das actividades dos clientes, sempre que poss\u00edvel, funciona como est\u00edmulo, n\u00e3o s\u00f3 \u00e0 sua valoriza\u00e7\u00e3o pessoal, mas tamb\u00e9m como factor de integra\u00e7\u00e3o e visibilidade social atrav\u00e9s da sua comercializa\u00e7\u00e3o em eventos espec\u00edficos.<\/p>\n\n\n\n<div class=\"is-horizontal is-content-justification-left is-layout-flex wp-container-3 wp-block-buttons\">\n<div class=\"wp-block-button is-style-primary\"><a class=\"wp-block-button__link wp-element-button\" href=\"https:\/\/cercidiana.pt\/?page_id=732\">SABER MAIS<\/a><\/div>\n<\/div>\n<\/div>\n<\/div>\n\n\n\n<div style=\"height:40px\" aria-hidden=\"true\" class=\"wp-block-spacer\"><\/div>\n<\/div><\/div>\n<\/div><\/div>\n\n\n\n<div class=\"wp-block-cover alignfull\" style=\"min-height:600px\"><span aria-hidden=\"true\" class=\"wp-block-cover__background has-nv-light-bg-background-color has-background-dim-100 has-background-dim\"><\/span><div class=\"wp-block-cover__inner-container\">\n<div class=\"is-layout-flow wp-block-group\"><div class=\"wp-block-group__inner-container\">\n<div style=\"height:80px\" aria-hidden=\"true\" class=\"wp-block-spacer\"><\/div>\n\n\n\n<div class=\"is-layout-flex wp-container-10 wp-block-columns are-vertically-aligned-center\">\n<div class=\"is-layout-flow wp-block-column is-vertically-aligned-center\" style=\"flex-basis:50%\">\n<h2 class=\"has-text-align-left has-neve-text-color-color has-text-color\">Lar Residencial<\/h2>\n\n\n\n<p class=\"has-text-align-left has-neve-text-color-color has-text-color\" style=\"font-size:17px\">O lar residencial da Cercidiana visa proporcionar um ambiente afetivo acolhedor, aproximando-se de um ambiente familiar normal.<\/p>\n\n\n\n<div class=\"is-horizontal is-content-justification-left is-layout-flex wp-container-7 wp-block-buttons\">\n<div class=\"wp-block-button is-style-primary\"><a class=\"wp-block-button__link wp-element-button\" href=\"https:\/\/cercidiana.pt\/?page_id=749\">SABER MAIS<\/a><\/div>\n<\/div>\n\n\n\n<div style=\"height:40px\" aria-hidden=\"true\" class=\"wp-block-spacer\"><\/div>\n<\/div>\n\n\n\n<div class=\"is-layout-flow wp-block-column is-vertically-aligned-center\" style=\"flex-basis:50%\">\n<figure class=\"wp-block-image size-full is-resized\"><img decoding=\"async\" loading=\"lazy\" src=\"https:\/\/cercidiana.pt\/wp-content\/uploads\/2023\/03\/l4r.webp\" alt=\"\" class=\"wp-image-836\" width=\"512\" height=\"512\" srcset=\"https:\/\/cercidiana.pt\/wp-content\/uploads\/2023\/03\/l4r.webp 1024w, https:\/\/cercidiana.pt\/wp-content\/uploads\/2023\/03\/l4r-300x300.webp 300w, https:\/\/cercidiana.pt\/wp-content\/uploads\/2023\/03\/l4r-150x150.webp 150w, https:\/\/cercidiana.pt\/wp-content\/uploads\/2023\/03\/l4r-768x768.webp 768w\" sizes=\"(max-width: 512px) 100vw, 512px\" \/><\/figure>\n<\/div>\n<\/div>\n\n\n\n<div style=\"height:40px\" aria-hidden=\"true\" class=\"wp-block-spacer\"><\/div>\n<\/div><\/div>\n<\/div><\/div>\n\n\n\n<div class=\"wp-block-cover alignfull\" style=\"min-height:600px\"><span aria-hidden=\"true\" class=\"wp-block-cover__background has-neve-text-color-background-color has-background-dim-100 has-background-dim\"><\/span><div class=\"wp-block-cover__inner-container\">\n<hr class=\"wp-block-separator has-text-color has-neve-text-color-color has-alpha-channel-opacity has-neve-text-color-background-color has-background\"\/>\n\n\n\n<div class=\"is-layout-flow wp-block-group\"><div class=\"wp-block-group__inner-container\">\n<div style=\"height:0px\" aria-hidden=\"true\" class=\"wp-block-spacer\"><\/div>\n\n\n\n<div class=\"is-layout-flex wp-container-15 wp-block-columns are-vertically-aligned-center\">\n<div class=\"is-layout-flow wp-block-column is-vertically-aligned-center\" style=\"flex-basis:50%\">\n<figure class=\"wp-block-image size-full\"><img decoding=\"async\" loading=\"lazy\" width=\"700\" height=\"448\" src=\"https:\/\/cercidiana.pt\/wp-content\/uploads\/2023\/03\/ipi.webp\" alt=\"\" class=\"wp-image-834\" srcset=\"https:\/\/cercidiana.pt\/wp-content\/uploads\/2023\/03\/ipi.webp 700w, https:\/\/cercidiana.pt\/wp-content\/uploads\/2023\/03\/ipi-300x192.webp 300w\" sizes=\"(max-width: 700px) 100vw, 700px\" \/><\/figure>\n<\/div>\n\n\n\n<div class=\"is-layout-flow wp-block-column is-vertically-aligned-center\" style=\"flex-basis:50%\">\n<div style=\"height:40px\" aria-hidden=\"true\" class=\"wp-block-spacer\"><\/div>\n\n\n\n<h2 class=\"has-text-align-left has-nv-text-dark-bg-color has-text-color\">Interven\u00e7\u00e3o Precoce na Inf\u00e2ncia<\/h2>\n\n\n\n<p class=\"has-text-align-left has-nv-text-dark-bg-color has-text-color\" style=\"font-size:17px\">O IPI visa garantir condi\u00e7\u00f5es de desenvolvimento das crian\u00e7as at\u00e9 aos 6 anos de idade, com altera\u00e7\u00f5es nas fun\u00e7\u00f5es ou estruturas do corpo que limitam o crescimento pessoal, social, e a sua participa\u00e7\u00e3o nas actividades t\u00edpicas para a idade, bem como das crian\u00e7as com risco grave de atraso no desenvolvimento.<\/p>\n\n\n\n<div class=\"is-horizontal is-content-justification-left is-layout-flex wp-container-13 wp-block-buttons\">\n<div class=\"wp-block-button is-style-primary\"><a class=\"wp-block-button__link wp-element-button\" href=\"https:\/\/cercidiana.pt\/?page_id=736\">SABER MAIS<\/a><\/div>\n<\/div>\n<\/div>\n<\/div>\n\n\n\n<div style=\"height:50px\" aria-hidden=\"true\" class=\"wp-block-spacer\"><\/div>\n<\/div><\/div>\n<\/div><\/div>\n\n\n\n<div class=\"wp-block-cover alignfull\" style=\"min-height:420px\"><span aria-hidden=\"true\" class=\"wp-block-cover__background has-nv-light-bg-background-color has-background-dim-100 has-background-dim\"><\/span><div class=\"wp-block-cover__inner-container\">\n<hr class=\"wp-block-separator has-text-color has-nv-light-bg-color has-alpha-channel-opacity has-nv-light-bg-background-color has-background\"\/>\n\n\n\n<h3 class=\"has-neve-text-color-color has-text-color\">PARCEIROS CERCIDIANA<\/h3>\n\n\n\n<div class=\"is-layout-flex wp-container-18 wp-block-columns\">\n<div class=\"is-layout-flow wp-block-column\">\n<div id=\"wp-block-themeisle-blocks-slider-dc8fa99f\" class=\"wp-block-themeisle-blocks-slider glide\" data-per-view=\"3\" data-gap=\"10\" data-peek=\"100\" data-autoplay=\"true\" data-height=\"250px\" data-hide-arrows=\"true\" data-transition=\"linear\"><div class=\"glide__track\" data-glide-el=\"track\"><div class=\"glide__slides\"><div class=\"wp-block-themeisle-blocks-slider-item-wrapper glide__slide\" tabindex=\"0\"><figure><img decoding=\"async\" class=\"wp-block-themeisle-blocks-slider-item\" src=\"https:\/\/cercidiana.pt\/wp-content\/uploads\/2023\/10\/UE_logo.webp\" alt=\"\" title=\"\" data-id=\"934\"\/><\/figure><\/div><div class=\"wp-block-themeisle-blocks-slider-item-wrapper glide__slide\" tabindex=\"0\"><figure><img decoding=\"async\" class=\"wp-block-themeisle-blocks-slider-item\" src=\"https:\/\/cercidiana.pt\/wp-content\/uploads\/2023\/10\/ss.webp\" alt=\"\" title=\"\" data-id=\"932\"\/><\/figure><\/div><div class=\"wp-block-themeisle-blocks-slider-item-wrapper glide__slide\" tabindex=\"0\"><figure><img decoding=\"async\" class=\"wp-block-themeisle-blocks-slider-item\" src=\"https:\/\/cercidiana.pt\/wp-content\/uploads\/2023\/10\/ars.webp\" alt=\"\" title=\"\" data-id=\"933\"\/><\/figure><\/div><div class=\"wp-block-themeisle-blocks-slider-item-wrapper glide__slide\" tabindex=\"0\"><figure><img decoding=\"async\" class=\"wp-block-themeisle-blocks-slider-item\" src=\"https:\/\/cercidiana.pt\/wp-content\/uploads\/2023\/10\/portel2.webp\" alt=\"\" title=\"\" data-id=\"927\"\/><\/figure><\/div><div class=\"wp-block-themeisle-blocks-slider-item-wrapper glide__slide\" tabindex=\"0\"><figure><img decoding=\"async\" class=\"wp-block-themeisle-blocks-slider-item\" src=\"https:\/\/cercidiana.pt\/wp-content\/uploads\/2023\/10\/bve.webp\" alt=\"\" title=\"\" data-id=\"920\"\/><\/figure><\/div><div class=\"wp-block-themeisle-blocks-slider-item-wrapper glide__slide\" tabindex=\"0\"><figure><img decoding=\"async\" class=\"wp-block-themeisle-blocks-slider-item\" src=\"https:\/\/cercidiana.pt\/wp-content\/uploads\/2023\/10\/jsc.webp\" alt=\"\" title=\"\" data-id=\"924\"\/><\/figure><\/div><div class=\"wp-block-themeisle-blocks-slider-item-wrapper glide__slide\" tabindex=\"0\"><figure><img decoding=\"async\" class=\"wp-block-themeisle-blocks-slider-item\" src=\"https:\/\/cercidiana.pt\/wp-content\/uploads\/2023\/10\/48397575_2150598631671492_2070146628622221312_n.webp\" alt=\"\" title=\"\" data-id=\"918\"\/><\/figure><\/div><div class=\"wp-block-themeisle-blocks-slider-item-wrapper glide__slide\" tabindex=\"0\"><figure><img decoding=\"async\" class=\"wp-block-themeisle-blocks-slider-item\" src=\"https:\/\/cercidiana.pt\/wp-content\/uploads\/2023\/10\/ds.webp\" alt=\"\" title=\"\" data-id=\"929\"\/><\/figure><\/div><div class=\"wp-block-themeisle-blocks-slider-item-wrapper glide__slide\" tabindex=\"0\"><figure><img decoding=\"async\" class=\"wp-block-themeisle-blocks-slider-item\" src=\"https:\/\/cercidiana.pt\/wp-content\/uploads\/2023\/10\/planice-farm.webp\" alt=\"\" title=\"\" data-id=\"930\"\/><\/figure><\/div><div class=\"wp-block-themeisle-blocks-slider-item-wrapper glide__slide\" tabindex=\"0\"><figure><img decoding=\"async\" class=\"wp-block-themeisle-blocks-slider-item\" src=\"https:\/\/cercidiana.pt\/wp-content\/uploads\/2023\/10\/optica_figueiras2.webp\" alt=\"\" title=\"\" data-id=\"936\"\/><\/figure><\/div><div class=\"wp-block-themeisle-blocks-slider-item-wrapper glide__slide\" tabindex=\"0\"><figure><img decoding=\"async\" class=\"wp-block-themeisle-blocks-slider-item\" src=\"https:\/\/cercidiana.pt\/wp-content\/uploads\/2023\/10\/havaneza.webp\" alt=\"\" title=\"\" data-id=\"922\"\/><\/figure><\/div><div class=\"wp-block-themeisle-blocks-slider-item-wrapper glide__slide\" tabindex=\"0\"><figure><img decoding=\"async\" class=\"wp-block-themeisle-blocks-slider-item\" src=\"https:\/\/cercidiana.pt\/wp-content\/uploads\/2023\/10\/SULREGAS2018_V_marg_.webp\" alt=\"\" title=\"\" data-id=\"928\"\/><\/figure><\/div><div class=\"wp-block-themeisle-blocks-slider-item-wrapper glide__slide\" tabindex=\"0\"><figure><img decoding=\"async\" class=\"wp-block-themeisle-blocks-slider-item\" src=\"https:\/\/cercidiana.pt\/wp-content\/uploads\/2023\/10\/hidroportugal.webp\" alt=\"\" title=\"\" data-id=\"925\"\/><\/figure><\/div><div class=\"wp-block-themeisle-blocks-slider-item-wrapper glide__slide\" tabindex=\"0\"><figure><img decoding=\"async\" class=\"wp-block-themeisle-blocks-slider-item\" src=\"https:\/\/cercidiana.pt\/wp-content\/uploads\/2023\/10\/djoaquim.webp\" alt=\"\" title=\"\" data-id=\"923\"\/><\/figure><\/div><div class=\"wp-block-themeisle-blocks-slider-item-wrapper glide__slide\" tabindex=\"0\"><figure><img decoding=\"async\" class=\"wp-block-themeisle-blocks-slider-item\" src=\"https:\/\/cercidiana.pt\/wp-content\/uploads\/2023\/10\/horta_tamaras.webp\" alt=\"\" title=\"\" data-id=\"926\"\/><\/figure><\/div><\/div><\/div><\/div>\n<\/div>\n<\/div>\n\n\n\n<hr class=\"wp-block-separator has-text-color has-nv-light-bg-color has-alpha-channel-opacity has-nv-light-bg-background-color has-background is-style-default\"\/>\n<\/div><\/div>\n\n\n\n<div class=\"wp-block-cover alignfull\" style=\"min-height:300px\"><span aria-hidden=\"true\" class=\"wp-block-cover__background has-neve-text-color-background-color has-background-dim-100 has-background-dim\"><\/span><div class=\"wp-block-cover__inner-container\">\n<hr class=\"wp-block-separator has-text-color has-neve-text-color-color has-alpha-channel-opacity has-neve-text-color-background-color has-background\"\/>\n\n\n\n<h2 class=\"has-nv-text-dark-bg-color has-text-color\">\u00daltimos artigos P\u00fablicados<\/h2>\n\n\n<ul class=\"wp-block-latest-posts__list wp-block-latest-posts\"><li><a class=\"wp-block-latest-posts__post-title\" href=\"https:\/\/cercidiana.pt\/?p=1021\">Aviso de abertura de concurso externo &#8211; CE.04\/25<\/a><\/li>\n<li><a class=\"wp-block-latest-posts__post-title\" href=\"https:\/\/cercidiana.pt\/?p=1012\">Aviso de Abertura de concurso externo &#8211; CE.03\/25<\/a><\/li>\n<li><a class=\"wp-block-latest-posts__post-title\" href=\"https:\/\/cercidiana.pt\/?p=1003\">Festa de Carnaval<\/a><\/li>\n<li><a class=\"wp-block-latest-posts__post-title\" href=\"https:\/\/cercidiana.pt\/?p=1000\">Pe\u00e7a de teatro &#8211; Os tr\u00eas porquinhos<\/a><\/li>\n<li><a class=\"wp-block-latest-posts__post-title\" href=\"https:\/\/cercidiana.pt\/?p=995\">Aviso de abertura de concurso externo &#8211; CE.01\/25<\/a><\/li>\n<\/ul>\n\n\n<hr class=\"wp-block-separator has-text-color has-neve-text-color-color has-alpha-channel-opacity has-neve-text-color-background-color has-background\"\/>\n<\/div><\/div>\n\n\n\n<div class=\"is-layout-flex wp-block-buttons\"><\/div>\n","protected":false},"excerpt":{"rendered":"","protected":false},"author":1,"featured_media":0,"parent":0,"menu_order":0,"comment_status":"closed","ping_status":"closed","template":"","meta":{"neve_meta_sidebar":"default","neve_meta_container":"default","neve_meta_enable_content_width":"on","neve_meta_content_width":100,"neve_meta_title_alignment":"","neve_meta_author_avatar":"","neve_post_elements_order":"","neve_meta_disable_header":"","neve_meta_disable_footer":"","neve_meta_disable_title":"on","_themeisle_gutenberg_block_has_review":false},"_links":{"self":[{"href":"https:\/\/cercidiana.pt\/index.php?rest_route=\/wp\/v2\/pages\/5"}],"collection":[{"href":"https:\/\/cercidiana.pt\/index.php?rest_route=\/wp\/v2\/pages"}],"about":[{"href":"https:\/\/cercidiana.pt\/index.php?rest_route=\/wp\/v2\/types\/page"}],"author":[{"embeddable":true,"href":"https:\/\/cercidiana.pt\/index.php?rest_route=\/wp\/v2\/users\/1"}],"replies":[{"embeddable":true,"href":"https:\/\/cercidiana.pt\/index.php?rest_route=%2Fwp%2Fv2%2Fcomments&post=5"}],"version-history":[{"count":68,"href":"https:\/\/cercidiana.pt\/index.php?rest_route=\/wp\/v2\/pages\/5\/revisions"}],"predecessor-version":[{"id":937,"href":"https:\/\/cercidiana.pt\/index.php?rest_route=\/wp\/v2\/pages\/5\/revisions\/937"}],"wp:attachment":[{"href":"https:\/\/cercidiana.pt\/index.php?rest_route=%2Fwp%2Fv2%2Fmedia&parent=5"}],"curies":[{"name":"wp","href":"https:\/\/api.w.org\/{rel}","templated":true}]}}